{"id":6615,"date":"2025-08-06T10:50:12","date_gmt":"2025-08-06T10:50:12","guid":{"rendered":"https:\/\/parasailingtorrevieja.com\/prix\/"},"modified":"2026-04-15T13:29:39","modified_gmt":"2026-04-15T13:29:39","slug":"prix","status":"publish","type":"page","link":"https:\/\/parasailingtorrevieja.com\/fr\/prix\/","title":{"rendered":"Prix"},"content":{"rendered":"\t\t<div data-elementor-type=\"wp-page\" data-elementor-id=\"6615\" class=\"elementor elementor-6615 elementor-5798\" data-elementor-post-type=\"page\">\n\t\t\t\t\t\t<section class=\"elementor-section elementor-top-section elementor-element elementor-element-6cb1cdf elementor-section-stretched elementor-section-full_width elementor-section-height-default elementor-section-height-default\" data-id=\"6cb1cdf\" data-element_type=\"section\" data-settings=\"{&quot;stretch_section&quot;:&quot;section-stretched&quot;}\">\n\t\t\t\t\t\t<div class=\"elementor-container elementor-column-gap-no\">\n\t\t\t\t\t<div class=\"elementor-column elementor-col-100 elementor-top-column elementor-element elementor-element-b210761\" data-id=\"b210761\" data-element_type=\"column\">\n\t\t\t<div class=\"elementor-widget-wrap elementor-element-populated\">\n\t\t\t\t\t\t<div class=\"elementor-element elementor-element-da1b6b5 elementor-widget elementor-widget-winwood-revslider\" data-id=\"da1b6b5\" data-element_type=\"widget\" data-widget_type=\"winwood-revslider.default\">\n\t\t\t\t<div class=\"elementor-widget-container\">\n\t\t\t\t\t\n\t\t\t\t<p class=\"rs-p-wp-fix\"><\/p>\n\t\t\t\t<sr7-module data-alias=\"precios\" data-id=\"15\" id=\"SR7_15_1\" class=\"rs-ov-hidden\" data-version=\"6.7.32\">\n\t\t\t\t\t<sr7-adjuster><\/sr7-adjuster>\n\t\t\t\t\t<sr7-content>\n\t\t\t\t\t\t<sr7-slide id=\"SR7_15_1-52\" data-key=\"52\">\n\t\t\t\t\t\t\t<sr7-bg id=\"SR7_15_1-52-3\" class=\"sr7-layer\"><noscript><img decoding=\"async\" src=\"https:\/\/parasailingtorrevieja.com\/wp-content\/uploads\/precios_header_parasailing.jpg\" alt=\"\" title=\"precios_header_parasailing\"><\/noscript><\/sr7-bg>\n\t\t\t\t\t\t\t<h1 id=\"SR7_15_1-52-2\" class=\"sr7-layer\">Prix<\/h1>\n\t\t\t\t\t\t<\/sr7-slide>\n\t\t\t\t\t\t<sr7-slide id=\"SR7_15_1-53\" data-key=\"53\">\n\t\t\t\t\t\t<\/sr7-slide>\n\t\t\t\t\t<\/sr7-content>\n\t\t\t\t\t<image_lists style=\"display:none\">\n\t\t\t\t\t\t<img data-src=\"\/\/parasailingtorrevieja.com\/wp-content\/uploads\/precios_header_parasailing.jpg\" data-libid=\"6918\" data-lib=\"medialibrary\" title=\"precios_header_parasailing\" width=\"0\" height=\"0\" data-dbsrc=\"Ly9wYXJhc2FpbGluZ3RvcnJldmllamEuY29tL3dwLWNvbnRlbnQvdXBsb2Fkcy9wcmVjaW9zX2hlYWRlcl9wYXJhc2FpbGluZy5qcGc=\"\/>\n\t\t\t\t\t<\/image_lists>\n\t\t\t\t<\/sr7-module>\n\t\t\t\t<script>\n\t\t\t\t\tSR7.PMH ??={}; SR7.PMH[\"SR7_15_1\"] = {cn:100,state:false,fn: function() { if (_tpt!==undefined && _tpt.prepareModuleHeight !== undefined) {  _tpt.prepareModuleHeight({id:\"SR7_15_1\",el:[980,980,800,700,600],type:'standard',shdw:'0',gh:[980,980,800,700,600],gw:[1300,1300,1024,778,480],vpt:['-100px&#039;,&#039;-100px&#039;,&#039;-100px&#039;,&#039;-100px&#039;,&#039;-100px'],size:{fullWidth:true, fullHeight:false},mh:'0',onh:0,onw:0,bg:{color:'{\"orig\":\"transparent\",\"type\":\"solid\",\"string\":\"transparent\"}'},plType:'3',plColor:'#FFFFFF'});   SR7.PMH[\"SR7_15_1\"].state=true;} else if(SR7.PMH[\"SR7_15_1\"].cn-->0)\tsetTimeout( SR7.PMH[\"SR7_15_1\"].fn,19);}};SR7.PMH[\"SR7_15_1\" ].fn();\n\t\t\t\t<\/script>\n\t\t\t\t<\/div>\n\t\t\t\t<\/div>\n\t\t\t\t\t<\/div>\n\t\t<\/div>\n\t\t\t\t\t<\/div>\n\t\t<\/section>\n\t\t\t\t<section class=\"elementor-section elementor-top-section elementor-element elementor-element-b96fe12 elementor-section-stretched elementor-section-boxed elementor-section-height-default elementor-section-height-default\" data-id=\"b96fe12\" data-element_type=\"section\" data-settings=\"{&quot;stretch_section&quot;:&quot;section-stretched&quot;}\">\n\t\t\t\t\t\t\t<div class=\"elementor-background-overlay\"><\/div>\n\t\t\t\t\t\t\t<div class=\"elementor-container elementor-column-gap-wider\">\n\t\t\t\t\t<div class=\"elementor-column elementor-col-100 elementor-top-column elementor-element elementor-element-b4ca25c\" data-id=\"b4ca25c\" data-element_type=\"column\">\n\t\t\t<div class=\"elementor-widget-wrap elementor-element-populated\">\n\t\t\t\t\t\t<div class=\"elementor-element elementor-element-1b9da44 elementor-widget elementor-widget-heading\" data-id=\"1b9da44\" data-element_type=\"widget\" data-widget_type=\"heading.default\">\n\t\t\t\t<div class=\"elementor-widget-container\">\n\t\t\t\t\t<h5 class=\"elementor-heading-title elementor-size-default\">L'AVENTURE DANS LES AIRS ET EN MER<\/h5>\t\t\t\t<\/div>\n\t\t\t\t<\/div>\n\t\t\t\t<div class=\"elementor-element elementor-element-b7d412d elementor-widget elementor-widget-heading\" data-id=\"b7d412d\" data-element_type=\"widget\" data-widget_type=\"heading.default\">\n\t\t\t\t<div class=\"elementor-widget-container\">\n\t\t\t\t\t<h2 class=\"elementor-heading-title elementor-size-default\">Offre de produits\net services<\/h2>\t\t\t\t<\/div>\n\t\t\t\t<\/div>\n\t\t\t\t<div class=\"elementor-element elementor-element-fd975c1 elementor-view-default elementor-widget elementor-widget-icon\" data-id=\"fd975c1\" data-element_type=\"widget\" data-widget_type=\"icon.default\">\n\t\t\t\t<div class=\"elementor-widget-container\">\n\t\t\t\t\t\t\t<div class=\"elementor-icon-wrapper\">\n\t\t\t<div class=\"elementor-icon\">\n\t\t\t<i aria-hidden=\"true\" class=\"winwood-icon- winwood-icon-title-decor\"><\/i>\t\t\t<\/div>\n\t\t<\/div>\n\t\t\t\t\t\t<\/div>\n\t\t\t\t<\/div>\n\t\t\t\t<div class=\"elementor-element elementor-element-f30e0eb elementor-widget elementor-widget-text-editor\" data-id=\"f30e0eb\" data-element_type=\"widget\" data-widget_type=\"text-editor.default\">\n\t\t\t\t<div class=\"elementor-widget-container\">\n\t\t\t\t\t\t\t\t\t<p>Le parachute ascensionnel de Torrevieja est l&#8217;une de nos activit\u00e9s vedettes. Volez avec un parachute remorqu\u00e9 par un bateau avec de la musique et des boissons. Ici vous pouvez voir les prix des produits et faire une r\u00e9servation.  <\/p>\t\t\t\t\t\t\t\t<\/div>\n\t\t\t\t<\/div>\n\t\t\t\t<div class=\"elementor-element elementor-element-a8d1bef elementor-widget elementor-widget-html\" data-id=\"a8d1bef\" data-element_type=\"widget\" data-widget_type=\"html.default\">\n\t\t\t\t<div class=\"elementor-widget-container\">\n\t\t\t\t\t<table class=\"precios-tabla\"><tr><td>Vuelo 1 persona<\/td><td>70\u20ac<\/td><\/tr><tr><td>Vuelo 2 persona<\/td><td>60\u20ac <span>\/pers<\/span><\/td><\/tr><tr><td>Vuelo 3 o m\u00e1s personas<\/td><td>55\u20ac<span>\/pers<\/span><\/td><\/tr><tr><td>Acompa\u00f1ante<\/td><td>20\u20ac<span>\/pers<\/span><\/td><\/tr><tr><td>Video de la experiencia<\/td><td>20\u20ac<span>\/pers<\/span><\/td><\/tr><\/table><style>.precios-tabla {\n    border-collapse: collapse;\n    color: black;\n    max-width: 600px;\n    margin: auto;\n}\n\n.precios-tabla tr {\n    border-bottom: 1px solid #FF1D00;\n}\n\n.precios-tabla tr:last-child {\n    border-bottom: none;\n}\n.precios-tabla tr td:last-child span {\n    font-size: 12px\n}\n\n.precios-tabla tr td:last-child {\n    font-size: 20px;\n    font-weight: 500;\n}\n\n.precios-tabla tr td:first-child {\n    font-size: 30px;\n    font-weight: 500;\n    font-family: 'Viga';\n}\n\n.precios-tabla td {\n    border: none;\n    padding: 8px 0;\n    vertical-align: middle\n}\n\n@media (max-width: 1024px){\n    .precios-tabla tr td:last-child {\n        font-size: 18px;\n    }\n    \n    .precios-tabla tr td:first-child {\n        font-size: 22px;\n    }\n    .precios-tabla tr td:last-child span {\n    font-size: 10px\n}\n}\n\n<\/style>\t\t\t\t<\/div>\n\t\t\t\t<\/div>\n\t\t\t\t<div class=\"elementor-element elementor-element-04f8880 elementor-align-left elementor-widget elementor-widget-winwood-button\" data-id=\"04f8880\" data-element_type=\"widget\" data-widget_type=\"winwood-button.default\">\n\t\t\t\t<div class=\"elementor-widget-container\">\n\t\t\t\t\t        <div class=\"elementor-button-wrapper\">\n            <a href=\"#elementor-action%3Aaction%3Dpopup%3Aopen%26settings%3DeyJpZCI6NDA0MSwidG9nZ2xlIjpmYWxzZX0%3D\" target=\"_blank\" class=\"elementor-button-link elementor-button default\" role=\"button\">\n                LIVRE            <\/a>\n        <\/div>\n        \t\t\t\t<\/div>\n\t\t\t\t<\/div>\n\t\t\t\t\t<\/div>\n\t\t<\/div>\n\t\t\t\t\t<\/div>\n\t\t<\/section>\n\t\t\t\t<section class=\"elementor-section elementor-top-section elementor-element elementor-element-99d2137 elementor-section-full_width elementor-section-stretched elementor-section-height-default elementor-section-height-default\" data-id=\"99d2137\" data-element_type=\"section\" data-settings=\"{&quot;stretch_section&quot;:&quot;section-stretched&quot;,&quot;background_background&quot;:&quot;classic&quot;}\">\n\t\t\t\t\t\t\t<div class=\"elementor-background-overlay\"><\/div>\n\t\t\t\t\t\t\t<div class=\"elementor-container elementor-column-gap-no\">\n\t\t\t\t\t<div class=\"elementor-column elementor-col-100 elementor-top-column elementor-element elementor-element-3462c0d\" data-id=\"3462c0d\" data-element_type=\"column\">\n\t\t\t<div class=\"elementor-widget-wrap\">\n\t\t\t\t\t\t\t<\/div>\n\t\t<\/div>\n\t\t\t\t\t<\/div>\n\t\t<\/section>\n\t\t\t\t<section class=\"elementor-section elementor-top-section elementor-element elementor-element-30fb045 elementor-section-boxed elementor-section-height-default elementor-section-height-default\" data-id=\"30fb045\" data-element_type=\"section\">\n\t\t\t\t\t\t<div class=\"elementor-container elementor-column-gap-default\">\n\t\t\t\t\t<div class=\"elementor-column elementor-col-100 elementor-top-column elementor-element elementor-element-e6a4ce2\" data-id=\"e6a4ce2\" data-element_type=\"column\">\n\t\t\t<div class=\"elementor-widget-wrap elementor-element-populated\">\n\t\t\t\t\t\t<div class=\"elementor-element elementor-element-34229fc elementor-widget elementor-widget-heading\" data-id=\"34229fc\" data-element_type=\"widget\" data-widget_type=\"heading.default\">\n\t\t\t\t<div class=\"elementor-widget-container\">\n\t\t\t\t\t<h5 class=\"elementor-heading-title elementor-size-default\">VOTRE PROCHAINE AVENTURE<\/h5>\t\t\t\t<\/div>\n\t\t\t\t<\/div>\n\t\t\t\t<div class=\"elementor-element elementor-element-1f34159 elementor-widget-laptop__width-initial elementor-widget__width-initial elementor-widget-mobile__width-inherit elementor-widget elementor-widget-heading\" data-id=\"1f34159\" data-element_type=\"widget\" data-widget_type=\"heading.default\">\n\t\t\t\t<div class=\"elementor-widget-container\">\n\t\t\t\t\t<h2 class=\"elementor-heading-title elementor-size-default\">Vous avez des questions sur nos activit\u00e9s\n?<\/h2>\t\t\t\t<\/div>\n\t\t\t\t<\/div>\n\t\t\t\t<div class=\"elementor-element elementor-element-36147a3 elementor-view-default elementor-widget elementor-widget-icon\" data-id=\"36147a3\" data-element_type=\"widget\" data-widget_type=\"icon.default\">\n\t\t\t\t<div class=\"elementor-widget-container\">\n\t\t\t\t\t\t\t<div class=\"elementor-icon-wrapper\">\n\t\t\t<div class=\"elementor-icon\">\n\t\t\t<i aria-hidden=\"true\" class=\"winwood-icon- winwood-icon-title-decor\"><\/i>\t\t\t<\/div>\n\t\t<\/div>\n\t\t\t\t\t\t<\/div>\n\t\t\t\t<\/div>\n\t\t\t\t<div class=\"elementor-element elementor-element-fc4bb73 elementor-widget__width-initial elementor-widget-tablet__width-inherit elementor-widget elementor-widget-winwood-contactform\" data-id=\"fc4bb73\" data-element_type=\"widget\" data-widget_type=\"winwood-contactform.default\">\n\t\t\t\t<div class=\"elementor-widget-container\">\n\t\t\t\t\t\n<div class=\"wpcf7 no-js\" id=\"wpcf7-f5284-o1\" lang=\"fr-FR\" dir=\"ltr\" data-wpcf7-id=\"5284\">\n<div class=\"screen-reader-response\"><p role=\"status\" aria-live=\"polite\" aria-atomic=\"true\"><\/p> <ul><\/ul><\/div>\n<form action=\"\/fr\/wp-json\/wp\/v2\/pages\/6615#wpcf7-f5284-o1\" method=\"post\" class=\"wpcf7-form init\" aria-label=\"Formulaire de contact\" novalidate=\"novalidate\" data-status=\"init\">\n<fieldset class=\"hidden-fields-container\"><input type=\"hidden\" name=\"_wpcf7\" value=\"5284\" \/><input type=\"hidden\" name=\"_wpcf7_version\" value=\"6.1.4\" \/><input type=\"hidden\" name=\"_wpcf7_locale\" value=\"fr_FR\" \/><input type=\"hidden\" name=\"_wpcf7_unit_tag\" value=\"wpcf7-f5284-o1\" \/><input type=\"hidden\" name=\"_wpcf7_container_post\" value=\"0\" \/><input type=\"hidden\" name=\"_wpcf7_posted_data_hash\" value=\"\" \/>\n<\/fieldset>\n<div class=\"row\">\n\t<div class=\"column-12 column-tablet-4\">\n\t\t<p><label>Nom*<\/label><br \/>\n<span class=\"wpcf7-form-control-wrap\" data-name=\"your-name\"><input size=\"40\" maxlength=\"400\" class=\"wpcf7-form-control wpcf7-text wpcf7-validates-as-required\" aria-required=\"true\" aria-invalid=\"false\" value=\"\" type=\"text\" name=\"your-name\" \/><\/span>\n\t\t<\/p>\n\t<\/div>\n\t<div class=\"column-12 column-tablet-4\">\n\t\t<p><label>T\u00e9l\u00e9phone<\/label><br \/>\n<span class=\"wpcf7-form-control-wrap\" data-name=\"your-phone\"><input size=\"40\" maxlength=\"400\" class=\"wpcf7-form-control wpcf7-tel wpcf7-validates-as-required wpcf7-text wpcf7-validates-as-tel\" aria-required=\"true\" aria-invalid=\"false\" value=\"\" type=\"tel\" name=\"your-phone\" \/><\/span>\n\t\t<\/p>\n\t<\/div>\n\t<div class=\"column-12 column-tablet-4\">\n\t\t<p><label>Email*<\/label><br \/>\n<span class=\"wpcf7-form-control-wrap\" data-name=\"your-email\"><input size=\"40\" maxlength=\"400\" class=\"wpcf7-form-control wpcf7-email wpcf7-validates-as-required wpcf7-text wpcf7-validates-as-email\" aria-required=\"true\" aria-invalid=\"false\" value=\"\" type=\"email\" name=\"your-email\" \/><\/span>\n\t\t<\/p>\n\t<\/div>\n\t<div class=\"column-12\">\n\t\t<p><label>Message<\/label><br \/>\n<span class=\"wpcf7-form-control-wrap\" data-name=\"your-message\"><textarea cols=\"40\" rows=\"3\" maxlength=\"2000\" class=\"wpcf7-form-control wpcf7-textarea\" aria-invalid=\"false\" name=\"your-message\"><\/textarea><\/span>\n\t\t<\/p>\n\t<\/div>\n<\/div>\n<p><input class=\"wpcf7-form-control wpcf7-submit has-spinner\" type=\"submit\" value=\"ENVOYER\" \/>\n<\/p><div class=\"wpcf7-response-output\" aria-hidden=\"true\"><\/div>\n<\/form>\n<\/div>\n\t\t\t\t<\/div>\n\t\t\t\t<\/div>\n\t\t\t\t\t<\/div>\n\t\t<\/div>\n\t\t\t\t\t<\/div>\n\t\t<\/section>\n\t\t\t\t<\/div>\n\t\t","protected":false},"excerpt":{"rendered":"<p>L&#8217;AVENTURE DANS LES AIRS ET EN MER Offre de produits et services Le parachute ascensionnel de Torrevieja est l&#8217;une de nos activit\u00e9s vedettes. Volez avec un parachute remorqu\u00e9 par un bateau avec de la musique et des boissons. Ici vous pouvez voir les prix des produits et faire une r\u00e9servation. Vuelo 1 persona 70\u20ac Vuelo [&hellip;]<\/p>\n","protected":false},"author":1,"featured_media":0,"parent":0,"menu_order":0,"comment_status":"closed","ping_status":"closed","template":"template-homepage.php","meta":{"footnotes":""},"class_list":["post-6615","page","type-page","status-publish","hentry"],"yoast_head":"<!-- This site is optimized with the Yoast SEO plugin v26.8 - https:\/\/yoast.com\/product\/yoast-seo-wordpress\/ -->\n<title>Tarifs parachute ascensionnel Torrevieja, Tarifs parachute ascensionnel Alicante, Tarifs parachute ascensionnel Murcia, Tarifs parachute ascensionnel Alicante, Tarifs parachute ascensionnel Murcia<\/title>\n<meta name=\"description\" content=\"Prix pour Parasailing Torrevieja, demandez un devis pour les enterrements de vie de gar\u00e7on ou de jeune fille, les incentives d&#039;entreprise, le Team Building, les tours op\u00e9rateurs ou les revendeurs de services. Faites un cadeau original. Si vous ne savez pas quoi faire \u00e0 Torrevieja, amusez-vous sur la Costa Blanca, nous sommes dans une zone de loisirs \u00e0 Torrevieja.\" \/>\n<meta name=\"robots\" content=\"index, follow, max-snippet:-1, max-image-preview:large, max-video-preview:-1\" \/>\n<link rel=\"canonical\" href=\"https:\/\/parasailingtorrevieja.com\/fr\/prix\/\" \/>\n<meta property=\"og:locale\" content=\"fr_FR\" \/>\n<meta property=\"og:type\" content=\"article\" \/>\n<meta property=\"og:title\" content=\"Tarifs parachute ascensionnel Torrevieja, Tarifs parachute ascensionnel Alicante, Tarifs parachute ascensionnel Murcia, Tarifs parachute ascensionnel Alicante, Tarifs parachute ascensionnel Murcia\" \/>\n<meta property=\"og:description\" content=\"Prix pour Parasailing Torrevieja, demandez un devis pour les enterrements de vie de gar\u00e7on ou de jeune fille, les incentives d&#039;entreprise, le Team Building, les tours op\u00e9rateurs ou les revendeurs de services. Faites un cadeau original. Si vous ne savez pas quoi faire \u00e0 Torrevieja, amusez-vous sur la Costa Blanca, nous sommes dans une zone de loisirs \u00e0 Torrevieja.\" \/>\n<meta property=\"og:url\" content=\"https:\/\/parasailingtorrevieja.com\/fr\/prix\/\" \/>\n<meta property=\"og:site_name\" content=\"Parasailing - Experiencia en Parasailing Torrevieja\" \/>\n<meta property=\"article:modified_time\" content=\"2026-04-15T13:29:39+00:00\" \/>\n<meta name=\"twitter:card\" content=\"summary_large_image\" \/>\n<script type=\"application\/ld+json\" class=\"yoast-schema-graph\">{\"@context\":\"https:\/\/schema.org\",\"@graph\":[{\"@type\":\"WebPage\",\"@id\":\"https:\/\/parasailingtorrevieja.com\/fr\/prix\/\",\"url\":\"https:\/\/parasailingtorrevieja.com\/fr\/prix\/\",\"name\":\"Tarifs parachute ascensionnel Torrevieja, Tarifs parachute ascensionnel Alicante, Tarifs parachute ascensionnel Murcia, Tarifs parachute ascensionnel Alicante, Tarifs parachute ascensionnel Murcia\",\"isPartOf\":{\"@id\":\"https:\/\/parasailingtorrevieja.com\/fr\/#website\"},\"datePublished\":\"2025-08-06T10:50:12+00:00\",\"dateModified\":\"2026-04-15T13:29:39+00:00\",\"description\":\"Prix pour Parasailing Torrevieja, demandez un devis pour les enterrements de vie de gar\u00e7on ou de jeune fille, les incentives d'entreprise, le Team Building, les tours op\u00e9rateurs ou les revendeurs de services. Faites un cadeau original. Si vous ne savez pas quoi faire \u00e0 Torrevieja, amusez-vous sur la Costa Blanca, nous sommes dans une zone de loisirs \u00e0 Torrevieja.\",\"breadcrumb\":{\"@id\":\"https:\/\/parasailingtorrevieja.com\/fr\/prix\/#breadcrumb\"},\"inLanguage\":\"fr-FR\",\"potentialAction\":[{\"@type\":\"ReadAction\",\"target\":[\"https:\/\/parasailingtorrevieja.com\/fr\/prix\/\"]}]},{\"@type\":\"BreadcrumbList\",\"@id\":\"https:\/\/parasailingtorrevieja.com\/fr\/prix\/#breadcrumb\",\"itemListElement\":[{\"@type\":\"ListItem\",\"position\":1,\"name\":\"Portada\",\"item\":\"https:\/\/parasailingtorrevieja.com\/fr\/jet-skis-a-alicante\/\"},{\"@type\":\"ListItem\",\"position\":2,\"name\":\"Prix\"}]},{\"@type\":\"WebSite\",\"@id\":\"https:\/\/parasailingtorrevieja.com\/fr\/#website\",\"url\":\"https:\/\/parasailingtorrevieja.com\/fr\/\",\"name\":\"Parasailing - Experiencia en Parasailing Torrevieja\",\"description\":\"Experiencia en Parasailing Torrevieja\",\"potentialAction\":[{\"@type\":\"SearchAction\",\"target\":{\"@type\":\"EntryPoint\",\"urlTemplate\":\"https:\/\/parasailingtorrevieja.com\/fr\/?s={search_term_string}\"},\"query-input\":{\"@type\":\"PropertyValueSpecification\",\"valueRequired\":true,\"valueName\":\"search_term_string\"}}],\"inLanguage\":\"fr-FR\"}]}<\/script>\n<!-- \/ Yoast SEO plugin. -->","yoast_head_json":{"title":"Tarifs parachute ascensionnel Torrevieja, Tarifs parachute ascensionnel Alicante, Tarifs parachute ascensionnel Murcia, Tarifs parachute ascensionnel Alicante, Tarifs parachute ascensionnel Murcia","description":"Prix pour Parasailing Torrevieja, demandez un devis pour les enterrements de vie de gar\u00e7on ou de jeune fille, les incentives d'entreprise, le Team Building, les tours op\u00e9rateurs ou les revendeurs de services. Faites un cadeau original. Si vous ne savez pas quoi faire \u00e0 Torrevieja, amusez-vous sur la Costa Blanca, nous sommes dans une zone de loisirs \u00e0 Torrevieja.","robots":{"index":"index","follow":"follow","max-snippet":"max-snippet:-1","max-image-preview":"max-image-preview:large","max-video-preview":"max-video-preview:-1"},"canonical":"https:\/\/parasailingtorrevieja.com\/fr\/prix\/","og_locale":"fr_FR","og_type":"article","og_title":"Tarifs parachute ascensionnel Torrevieja, Tarifs parachute ascensionnel Alicante, Tarifs parachute ascensionnel Murcia, Tarifs parachute ascensionnel Alicante, Tarifs parachute ascensionnel Murcia","og_description":"Prix pour Parasailing Torrevieja, demandez un devis pour les enterrements de vie de gar\u00e7on ou de jeune fille, les incentives d'entreprise, le Team Building, les tours op\u00e9rateurs ou les revendeurs de services. Faites un cadeau original. Si vous ne savez pas quoi faire \u00e0 Torrevieja, amusez-vous sur la Costa Blanca, nous sommes dans une zone de loisirs \u00e0 Torrevieja.","og_url":"https:\/\/parasailingtorrevieja.com\/fr\/prix\/","og_site_name":"Parasailing - Experiencia en Parasailing Torrevieja","article_modified_time":"2026-04-15T13:29:39+00:00","twitter_card":"summary_large_image","schema":{"@context":"https:\/\/schema.org","@graph":[{"@type":"WebPage","@id":"https:\/\/parasailingtorrevieja.com\/fr\/prix\/","url":"https:\/\/parasailingtorrevieja.com\/fr\/prix\/","name":"Tarifs parachute ascensionnel Torrevieja, Tarifs parachute ascensionnel Alicante, Tarifs parachute ascensionnel Murcia, Tarifs parachute ascensionnel Alicante, Tarifs parachute ascensionnel Murcia","isPartOf":{"@id":"https:\/\/parasailingtorrevieja.com\/fr\/#website"},"datePublished":"2025-08-06T10:50:12+00:00","dateModified":"2026-04-15T13:29:39+00:00","description":"Prix pour Parasailing Torrevieja, demandez un devis pour les enterrements de vie de gar\u00e7on ou de jeune fille, les incentives d'entreprise, le Team Building, les tours op\u00e9rateurs ou les revendeurs de services. Faites un cadeau original. Si vous ne savez pas quoi faire \u00e0 Torrevieja, amusez-vous sur la Costa Blanca, nous sommes dans une zone de loisirs \u00e0 Torrevieja.","breadcrumb":{"@id":"https:\/\/parasailingtorrevieja.com\/fr\/prix\/#breadcrumb"},"inLanguage":"fr-FR","potentialAction":[{"@type":"ReadAction","target":["https:\/\/parasailingtorrevieja.com\/fr\/prix\/"]}]},{"@type":"BreadcrumbList","@id":"https:\/\/parasailingtorrevieja.com\/fr\/prix\/#breadcrumb","itemListElement":[{"@type":"ListItem","position":1,"name":"Portada","item":"https:\/\/parasailingtorrevieja.com\/fr\/jet-skis-a-alicante\/"},{"@type":"ListItem","position":2,"name":"Prix"}]},{"@type":"WebSite","@id":"https:\/\/parasailingtorrevieja.com\/fr\/#website","url":"https:\/\/parasailingtorrevieja.com\/fr\/","name":"Parasailing - Experiencia en Parasailing Torrevieja","description":"Experiencia en Parasailing Torrevieja","potentialAction":[{"@type":"SearchAction","target":{"@type":"EntryPoint","urlTemplate":"https:\/\/parasailingtorrevieja.com\/fr\/?s={search_term_string}"},"query-input":{"@type":"PropertyValueSpecification","valueRequired":true,"valueName":"search_term_string"}}],"inLanguage":"fr-FR"}]}},"_links":{"self":[{"href":"https:\/\/parasailingtorrevieja.com\/fr\/wp-json\/wp\/v2\/pages\/6615","targetHints":{"allow":["GET"]}}],"collection":[{"href":"https:\/\/parasailingtorrevieja.com\/fr\/wp-json\/wp\/v2\/pages"}],"about":[{"href":"https:\/\/parasailingtorrevieja.com\/fr\/wp-json\/wp\/v2\/types\/page"}],"author":[{"embeddable":true,"href":"https:\/\/parasailingtorrevieja.com\/fr\/wp-json\/wp\/v2\/users\/1"}],"replies":[{"embeddable":true,"href":"https:\/\/parasailingtorrevieja.com\/fr\/wp-json\/wp\/v2\/comments?post=6615"}],"version-history":[{"count":13,"href":"https:\/\/parasailingtorrevieja.com\/fr\/wp-json\/wp\/v2\/pages\/6615\/revisions"}],"predecessor-version":[{"id":8348,"href":"https:\/\/parasailingtorrevieja.com\/fr\/wp-json\/wp\/v2\/pages\/6615\/revisions\/8348"}],"wp:attachment":[{"href":"https:\/\/parasailingtorrevieja.com\/fr\/wp-json\/wp\/v2\/media?parent=6615"}],"curies":[{"name":"wp","href":"https:\/\/api.w.org\/{rel}","templated":true}]}}