{"id":7502,"date":"2026-03-02T10:39:54","date_gmt":"2026-03-02T10:39:54","guid":{"rendered":"https:\/\/parasailingtorrevieja.com\/plans-speciaux-pour-les-groupes\/"},"modified":"2026-04-15T11:08:25","modified_gmt":"2026-04-15T11:08:25","slug":"plans-speciaux-pour-les-groupes","status":"publish","type":"page","link":"https:\/\/parasailingtorrevieja.com\/fr\/plans-speciaux-pour-les-groupes\/","title":{"rendered":"Plans sp\u00e9ciaux pour les groupes"},"content":{"rendered":"\t\t<div data-elementor-type=\"wp-page\" data-elementor-id=\"7502\" class=\"elementor elementor-7502 elementor-6996\" data-elementor-post-type=\"page\">\n\t\t\t\t\t\t<section class=\"elementor-section elementor-top-section elementor-element elementor-element-e368395 elementor-section-stretched elementor-section-full_width elementor-section-height-default elementor-section-height-default\" data-id=\"e368395\" data-element_type=\"section\" id=\"torrevieja-seccion\" data-settings=\"{&quot;stretch_section&quot;:&quot;section-stretched&quot;}\">\n\t\t\t\t\t\t\t<div class=\"elementor-background-overlay\"><\/div>\n\t\t\t\t\t\t\t<div class=\"elementor-container elementor-column-gap-no\">\n\t\t\t\t\t<div class=\"elementor-column elementor-col-100 elementor-top-column elementor-element elementor-element-ad75e71\" data-id=\"ad75e71\" data-element_type=\"column\">\n\t\t\t<div class=\"elementor-widget-wrap elementor-element-populated\">\n\t\t\t\t\t\t<div class=\"elementor-element elementor-element-79ecc50 elementor-widget elementor-widget-winwood-revslider\" data-id=\"79ecc50\" data-element_type=\"widget\" data-widget_type=\"winwood-revslider.default\">\n\t\t\t\t<div class=\"elementor-widget-container\">\n\t\t\t\t\t\n\t\t\t\t<p class=\"rs-p-wp-fix\"><\/p>\n\t\t\t\t<sr7-module data-alias=\"slider-torrevieja-1\" data-id=\"17\" id=\"SR7_17_1\" class=\"rs-ov-hidden\" data-version=\"6.7.32\">\n\t\t\t\t\t<sr7-adjuster><\/sr7-adjuster>\n\t\t\t\t\t<sr7-content>\n\t\t\t\t\t\t<sr7-slide id=\"SR7_17_1-60\" data-key=\"60\">\n\t\t\t\t\t\t\t<sr7-bg id=\"SR7_17_1-60-3\" class=\"sr7-layer\"><noscript><img decoding=\"async\" src=\"https:\/\/parasailingtorrevieja.com\/wp-content\/uploads\/1-cabecera-Planes-Especiales.jpg\" alt=\"\" title=\"cabecera-Planes-Especiales\"><\/noscript><\/sr7-bg>\n\t\t\t\t\t\t\t<sr7-txt id=\"SR7_17_1-60-2\" class=\"sr7-layer\">Assiettes Sp\u00e9ciales pour les Groupes<\/sr7-txt>\n\t\t\t\t\t\t<\/sr7-slide>\n\t\t\t\t\t\t<sr7-slide id=\"SR7_17_1-61\" data-key=\"61\">\n\t\t\t\t\t\t<\/sr7-slide>\n\t\t\t\t\t<\/sr7-content>\n\t\t\t\t\t<image_lists style=\"display:none\">\n\t\t\t\t\t\t<img data-src=\"\/\/parasailingtorrevieja.com\/wp-content\/uploads\/1-cabecera-Planes-Especiales.jpg\" data-libid=\"7036\" data-lib=\"medialibrary\" title=\"cabecera-Planes-Especiales\" width=\"0\" height=\"0\" data-dbsrc=\"Ly9wYXJhc2FpbGluZ3RvcnJldmllamEuY29tL3dwLWNvbnRlbnQvdXBsb2Fkcy8xLWNhYmVjZXJhLVBsYW5lcy1Fc3BlY2lhbGVzLmpwZw==\"\/>\n\t\t\t\t\t<\/image_lists>\n\t\t\t\t<\/sr7-module>\n\t\t\t\t<script>\n\t\t\t\t\tSR7.PMH ??={}; SR7.PMH[\"SR7_17_1\"] = {cn:100,state:false,fn: function() { if (_tpt!==undefined && _tpt.prepareModuleHeight !== undefined) {  _tpt.prepareModuleHeight({id:\"SR7_17_1\",el:[980,980,800,700,600],type:'standard',shdw:'0',gh:[980,980,800,700,600],gw:[1300,1300,1024,778,480],vpt:['-100px&#039;,&#039;-100px&#039;,&#039;-100px&#039;,&#039;-100px&#039;,&#039;-100px'],size:{fullWidth:true, fullHeight:false},mh:'0',onh:0,onw:0,bg:{color:'{\"orig\":\"transparent\",\"type\":\"solid\",\"string\":\"transparent\"}'},plType:'3',plColor:'#FFFFFF'});   SR7.PMH[\"SR7_17_1\"].state=true;} else if(SR7.PMH[\"SR7_17_1\"].cn-->0)\tsetTimeout( SR7.PMH[\"SR7_17_1\"].fn,19);}};SR7.PMH[\"SR7_17_1\" ].fn();\n\t\t\t\t<\/script>\n\t\t\t\t<\/div>\n\t\t\t\t<\/div>\n\t\t\t\t\t<\/div>\n\t\t<\/div>\n\t\t\t\t\t<\/div>\n\t\t<\/section>\n\t\t\t\t<section class=\"elementor-section elementor-top-section elementor-element elementor-element-30fb045 elementor-section-stretched elementor-section-full_width elementor-section-height-default elementor-section-height-default\" data-id=\"30fb045\" data-element_type=\"section\" data-settings=\"{&quot;stretch_section&quot;:&quot;section-stretched&quot;}\">\n\t\t\t\t\t\t\t<div class=\"elementor-background-overlay\"><\/div>\n\t\t\t\t\t\t\t<div class=\"elementor-container elementor-column-gap-no\">\n\t\t\t\t\t<div class=\"elementor-column elementor-col-100 elementor-top-column elementor-element elementor-element-e6a4ce2\" data-id=\"e6a4ce2\" data-element_type=\"column\">\n\t\t\t<div class=\"elementor-widget-wrap elementor-element-populated\">\n\t\t\t\t\t\t<div class=\"elementor-element elementor-element-34229fc elementor-widget elementor-widget-heading\" data-id=\"34229fc\" data-element_type=\"widget\" data-widget_type=\"heading.default\">\n\t\t\t\t<div class=\"elementor-widget-container\">\n\t\t\t\t\t<h5 class=\"elementor-heading-title elementor-size-default\">des plans qui unissent et c\u00e9l\u00e8brent<\/h5>\t\t\t\t<\/div>\n\t\t\t\t<\/div>\n\t\t\t\t<div class=\"elementor-element elementor-element-1f34159 elementor-widget elementor-widget-heading\" data-id=\"1f34159\" data-element_type=\"widget\" data-widget_type=\"heading.default\">\n\t\t\t\t<div class=\"elementor-widget-container\">\n\t\t\t\t\t<h2 class=\"elementor-heading-title elementor-size-default\">Exp\u00e9riences nautiques pour les groupes<\/h2>\t\t\t\t<\/div>\n\t\t\t\t<\/div>\n\t\t\t\t<div class=\"elementor-element elementor-element-36147a3 elementor-view-default elementor-widget elementor-widget-icon\" data-id=\"36147a3\" data-element_type=\"widget\" data-widget_type=\"icon.default\">\n\t\t\t\t<div class=\"elementor-widget-container\">\n\t\t\t\t\t\t\t<div class=\"elementor-icon-wrapper\">\n\t\t\t<div class=\"elementor-icon\">\n\t\t\t<i aria-hidden=\"true\" class=\"winwood-icon- winwood-icon-title-decor\"><\/i>\t\t\t<\/div>\n\t\t<\/div>\n\t\t\t\t\t\t<\/div>\n\t\t\t\t<\/div>\n\t\t\t\t<section class=\"elementor-section elementor-inner-section elementor-element elementor-element-586feab elementor-section-boxed elementor-section-height-default elementor-section-height-default\" data-id=\"586feab\" data-element_type=\"section\">\n\t\t\t\t\t\t<div class=\"elementor-container elementor-column-gap-wider\">\n\t\t\t\t\t<div class=\"elementor-column elementor-col-50 elementor-inner-column elementor-element elementor-element-4ff9916\" data-id=\"4ff9916\" data-element_type=\"column\">\n\t\t\t<div class=\"elementor-widget-wrap elementor-element-populated\">\n\t\t\t\t\t\t<div class=\"elementor-element elementor-element-99a0942 img-mask elementor-widget elementor-widget-image\" data-id=\"99a0942\" data-element_type=\"widget\" data-widget_type=\"image.default\">\n\t\t\t\t<div class=\"elementor-widget-container\">\n\t\t\t\t\t\t\t\t\t\t\t\t\t\t\t<img fetchpriority=\"high\" decoding=\"async\" width=\"644\" height=\"629\" src=\"https:\/\/parasailingtorrevieja.com\/wp-content\/uploads\/team-building-3.jpg\" class=\"attachment-large size-large wp-image-7035\" alt=\"\" srcset=\"https:\/\/parasailingtorrevieja.com\/wp-content\/uploads\/team-building-3.jpg 644w, https:\/\/parasailingtorrevieja.com\/wp-content\/uploads\/team-building-3-300x293.jpg 300w\" sizes=\"(max-width: 644px) 100vw, 644px\" \/>\t\t\t\t\t\t\t\t\t\t\t\t\t\t\t<\/div>\n\t\t\t\t<\/div>\n\t\t\t\t\t<\/div>\n\t\t<\/div>\n\t\t\t\t<div class=\"elementor-column elementor-col-50 elementor-inner-column elementor-element elementor-element-4de42fe\" data-id=\"4de42fe\" data-element_type=\"column\">\n\t\t\t<div class=\"elementor-widget-wrap elementor-element-populated\">\n\t\t\t\t\t\t<div class=\"elementor-element elementor-element-f3124e1 elementor-widget__width-initial elementor-widget elementor-widget-heading\" data-id=\"f3124e1\" data-element_type=\"widget\" data-widget_type=\"heading.default\">\n\t\t\t\t<div class=\"elementor-widget-container\">\n\t\t\t\t\t<h5 class=\"elementor-heading-title elementor-size-default\">Renforcement de l'esprit d'\u00e9quipe ou mesures incitatives pour l'entreprise<\/h5>\t\t\t\t<\/div>\n\t\t\t\t<\/div>\n\t\t\t\t<div class=\"elementor-element elementor-element-4686520 elementor-view-default elementor-widget elementor-widget-icon\" data-id=\"4686520\" data-element_type=\"widget\" data-widget_type=\"icon.default\">\n\t\t\t\t<div class=\"elementor-widget-container\">\n\t\t\t\t\t\t\t<div class=\"elementor-icon-wrapper\">\n\t\t\t<div class=\"elementor-icon\">\n\t\t\t<i aria-hidden=\"true\" class=\"winwood-icon- winwood-icon-title-decor\"><\/i>\t\t\t<\/div>\n\t\t<\/div>\n\t\t\t\t\t\t<\/div>\n\t\t\t\t<\/div>\n\t\t\t\t<div class=\"elementor-element elementor-element-1f27516 elementor-widget elementor-widget-text-editor\" data-id=\"1f27516\" data-element_type=\"widget\" data-widget_type=\"text-editor.default\">\n\t\t\t\t<div class=\"elementor-widget-container\">\n\t\t\t\t\t\t\t\t\t<p>Nos installations, situ\u00e9es \u00e0 l&#8217;int\u00e9rieur du <strong>Real Club N\u00e1utico de <\/strong><strong>Torrevieja<\/strong>, nous permettent d&#8217;offrir un service tr\u00e8s complet. Nous disposons de <strong>salles de conf\u00e9rence, de salles polyvalentes, d&#8217;un restaurant, d&#8217;un service de <\/strong><strong>traiteur, d&#8217;une sc\u00e8ne, de vestiaires et de douches<\/strong>. Nous sommes pr\u00eats \u00e0 accueillir un grand nombre de personnes.  <\/p><p>Si vous envisagez d&#8217;organiser <strong>un congr\u00e8s diff\u00e9rent pour votre entreprise, de <\/strong><strong>motiver un d\u00e9partement sp\u00e9cifique, de r\u00e9compenser vos meilleurs <\/strong><strong>vendeurs<\/strong>, etc. Contactez-nous et nous organiserons un <strong>\u00e9v\u00e9nement inoubliable<\/strong>. <\/p><p>Avoir une \u00e9quipe formidable est le souhait de tout entrepreneur, mais les gens ont besoin de motivation pour faire quoi que ce soit dans leur vie. Motivez votre \u00e9quipe, rencontrez-la et dites-lui de mani\u00e8re d\u00e9tendue ce dont vous avez besoin. R\u00e9compensez leurs bonnes actions et sortez-les de la routine. Cela augmentera leur taux de performance ; en fin de compte, tout le monde est gagnant avec cette action.   <\/p>\t\t\t\t\t\t\t\t<\/div>\n\t\t\t\t<\/div>\n\t\t\t\t<div class=\"elementor-element elementor-element-d526b14 elementor-widget elementor-widget-winwood-button\" data-id=\"d526b14\" data-element_type=\"widget\" data-widget_type=\"winwood-button.default\">\n\t\t\t\t<div class=\"elementor-widget-container\">\n\t\t\t\t\t        <div class=\"elementor-button-wrapper\">\n            <a href=\"https:\/\/parasailingtorrevieja.com\/contacto\/\" class=\"elementor-button-link elementor-button default\" role=\"button\">\n                PLUS D&#039;INFORMATIONS            <\/a>\n        <\/div>\n        \t\t\t\t<\/div>\n\t\t\t\t<\/div>\n\t\t\t\t\t<\/div>\n\t\t<\/div>\n\t\t\t\t\t<\/div>\n\t\t<\/section>\n\t\t\t\t<section class=\"elementor-section elementor-inner-section elementor-element elementor-element-7329fd8 elementor-section-boxed elementor-section-height-default elementor-section-height-default\" data-id=\"7329fd8\" data-element_type=\"section\">\n\t\t\t\t\t\t<div class=\"elementor-container elementor-column-gap-wider\">\n\t\t\t\t\t<div class=\"elementor-column elementor-col-50 elementor-inner-column elementor-element elementor-element-e6d8fff\" data-id=\"e6d8fff\" data-element_type=\"column\">\n\t\t\t<div class=\"elementor-widget-wrap elementor-element-populated\">\n\t\t\t\t\t\t<div class=\"elementor-element elementor-element-84d57f9 img-mask elementor-hidden-desktop elementor-hidden-laptop elementor-hidden-tablet elementor-widget elementor-widget-image\" data-id=\"84d57f9\" data-element_type=\"widget\" data-widget_type=\"image.default\">\n\t\t\t\t<div class=\"elementor-widget-container\">\n\t\t\t\t\t\t\t\t\t\t\t\t\t\t\t<img decoding=\"async\" width=\"644\" height=\"629\" src=\"https:\/\/parasailingtorrevieja.com\/wp-content\/uploads\/despedidas.jpg\" class=\"attachment-full size-full wp-image-5628\" alt=\"despedida de soltera\/o\" srcset=\"https:\/\/parasailingtorrevieja.com\/wp-content\/uploads\/despedidas.jpg 644w, https:\/\/parasailingtorrevieja.com\/wp-content\/uploads\/despedidas-300x293.jpg 300w\" sizes=\"(max-width: 644px) 100vw, 644px\" \/>\t\t\t\t\t\t\t\t\t\t\t\t\t\t\t<\/div>\n\t\t\t\t<\/div>\n\t\t\t\t<div class=\"elementor-element elementor-element-2018be3 elementor-widget elementor-widget-heading\" data-id=\"2018be3\" data-element_type=\"widget\" data-widget_type=\"heading.default\">\n\t\t\t\t<div class=\"elementor-widget-container\">\n\t\t\t\t\t<h5 class=\"elementor-heading-title elementor-size-default\">Enterrements de vie de gar\u00e7on et de jeune fille<\/h5>\t\t\t\t<\/div>\n\t\t\t\t<\/div>\n\t\t\t\t<div class=\"elementor-element elementor-element-03333f8 elementor-view-default elementor-widget elementor-widget-icon\" data-id=\"03333f8\" data-element_type=\"widget\" data-widget_type=\"icon.default\">\n\t\t\t\t<div class=\"elementor-widget-container\">\n\t\t\t\t\t\t\t<div class=\"elementor-icon-wrapper\">\n\t\t\t<div class=\"elementor-icon\">\n\t\t\t<i aria-hidden=\"true\" class=\"winwood-icon- winwood-icon-title-decor\"><\/i>\t\t\t<\/div>\n\t\t<\/div>\n\t\t\t\t\t\t<\/div>\n\t\t\t\t<\/div>\n\t\t\t\t<div class=\"elementor-element elementor-element-805c574 elementor-widget elementor-widget-text-editor\" data-id=\"805c574\" data-element_type=\"widget\" data-widget_type=\"text-editor.default\">\n\t\t\t\t<div class=\"elementor-widget-container\">\n\t\t\t\t\t\t\t\t\t<p><span dir=\"ltr\" role=\"presentation\">Nous organisons pour vous les activit\u00e9s d&#8217;un enterrement de vie de gar\u00e7on ou de jeune fille.  <\/span><span dir=\"ltr\" role=\"presentation\">sp\u00e9cial. Nos exp\u00e9riences sont id\u00e9ales pour venir passer un bon moment \u00e0   <\/span><span dir=\"ltr\" role=\"presentation\">groupe. Vous pouvez combiner toutes nos activit\u00e9s \u00e0 votre guise afin de   <\/span><span dir=\"ltr\" role=\"presentation\">Profitez du plus beau jour de votre vie.<\/span><\/p>\n<p><span dir=\"ltr\" role=\"presentation\">Le parachute ascensionnel, le jet ski, le Banana Boat ou le Flyboard sont quelques-unes des activit\u00e9s propos\u00e9es.  <\/span><span dir=\"ltr\" role=\"presentation\">des options que vous pouvez appr\u00e9cier. Choisissez l&#8217;activit\u00e9 ou les activit\u00e9s que vous souhaitez   <\/span><span dir=\"ltr\" role=\"presentation\">les mari\u00e9s, et les autres peuvent d\u00e9cider de participer \u00e0 l&#8217;action ou de venir chaperonner les bateaux. <\/span><span dir=\"ltr\" role=\"presentation\">Les autres peuvent d\u00e9cider de se joindre \u00e0 l&#8217;action ou de venir en tant que chaperons sur les bateaux. <\/span><\/p>\n<p><span dir=\"ltr\" role=\"presentation\">Si vous venez en groupe, nous vous proposerons un prix tr\u00e8s sp\u00e9cial pour que vous puissiez tous profiter, vous amuser et vivre une exp\u00e9rience inoubliable. <\/span><span dir=\"ltr\" role=\"presentation\">vous puissiez tous profiter, vous amuser et vivre une exp\u00e9rience inoubliable.<\/span><\/p>\t\t\t\t\t\t\t\t<\/div>\n\t\t\t\t<\/div>\n\t\t\t\t<div class=\"elementor-element elementor-element-2b5aef5 elementor-widget elementor-widget-winwood-button\" data-id=\"2b5aef5\" data-element_type=\"widget\" data-widget_type=\"winwood-button.default\">\n\t\t\t\t<div class=\"elementor-widget-container\">\n\t\t\t\t\t        <div class=\"elementor-button-wrapper\">\n            <a href=\"https:\/\/parasailingtorrevieja.com\/contacto\/\" class=\"elementor-button-link elementor-button default\" role=\"button\">\n                PLUS D&#039;INFORMATIONS            <\/a>\n        <\/div>\n        \t\t\t\t<\/div>\n\t\t\t\t<\/div>\n\t\t\t\t\t<\/div>\n\t\t<\/div>\n\t\t\t\t<div class=\"elementor-column elementor-col-50 elementor-inner-column elementor-element elementor-element-c1a80db elementor-hidden-mobile\" data-id=\"c1a80db\" data-element_type=\"column\">\n\t\t\t<div class=\"elementor-widget-wrap elementor-element-populated\">\n\t\t\t\t\t\t<div class=\"elementor-element elementor-element-dad16bf img-mask elementor-widget elementor-widget-image\" data-id=\"dad16bf\" data-element_type=\"widget\" data-widget_type=\"image.default\">\n\t\t\t\t<div class=\"elementor-widget-container\">\n\t\t\t\t\t\t\t\t\t\t\t\t\t\t\t<img decoding=\"async\" width=\"644\" height=\"629\" src=\"https:\/\/parasailingtorrevieja.com\/wp-content\/uploads\/despedidas.jpg\" class=\"attachment-full size-full wp-image-5628\" alt=\"despedida de soltera\/o\" srcset=\"https:\/\/parasailingtorrevieja.com\/wp-content\/uploads\/despedidas.jpg 644w, https:\/\/parasailingtorrevieja.com\/wp-content\/uploads\/despedidas-300x293.jpg 300w\" sizes=\"(max-width: 644px) 100vw, 644px\" \/>\t\t\t\t\t\t\t\t\t\t\t\t\t\t\t<\/div>\n\t\t\t\t<\/div>\n\t\t\t\t\t<\/div>\n\t\t<\/div>\n\t\t\t\t\t<\/div>\n\t\t<\/section>\n\t\t\t\t\t<\/div>\n\t\t<\/div>\n\t\t\t\t\t<\/div>\n\t\t<\/section>\n\t\t\t\t<\/div>\n\t\t","protected":false},"excerpt":{"rendered":"<p>des plans qui unissent et c\u00e9l\u00e8brent Exp\u00e9riences nautiques pour les groupes Renforcement de l&#8217;esprit d&#8217;\u00e9quipe ou mesures incitatives pour l&#8217;entreprise Nos installations, situ\u00e9es \u00e0 l&#8217;int\u00e9rieur du Real Club N\u00e1utico de Torrevieja, nous permettent d&#8217;offrir un service tr\u00e8s complet. Nous disposons de salles de conf\u00e9rence, de salles polyvalentes, d&#8217;un restaurant, d&#8217;un service de traiteur, d&#8217;une sc\u00e8ne, [&hellip;]<\/p>\n","protected":false},"author":7,"featured_media":0,"parent":0,"menu_order":0,"comment_status":"closed","ping_status":"closed","template":"template-homepage.php","meta":{"footnotes":""},"class_list":["post-7502","page","type-page","status-publish","hentry"],"yoast_head":"<!-- This site is optimized with the Yoast SEO plugin v26.8 - https:\/\/yoast.com\/product\/yoast-seo-wordpress\/ -->\n<title>Parasailing Torrevieja Alicante La Zenia Cabo Roig Campoamor La Mata<\/title>\n<meta name=\"description\" content=\"Parachute ascensionnel \u00e0 Torrevieja, Alicante, voler avec un parachute. La Zenia, Campoamor ou Cabo Roig. Enterrement de vie de gar\u00e7on ou de jeune fille. Bateau de parachute ascensionnel, pour la famille ou les amis, faites un cadeau original.\" \/>\n<meta name=\"robots\" content=\"index, follow, max-snippet:-1, max-image-preview:large, max-video-preview:-1\" \/>\n<link rel=\"canonical\" href=\"https:\/\/parasailingtorrevieja.com\/fr\/plans-speciaux-pour-les-groupes\/\" \/>\n<meta property=\"og:locale\" content=\"fr_FR\" \/>\n<meta property=\"og:type\" content=\"article\" \/>\n<meta property=\"og:title\" content=\"Parasailing Torrevieja Alicante La Zenia Cabo Roig Campoamor La Mata\" \/>\n<meta property=\"og:description\" content=\"Parachute ascensionnel \u00e0 Torrevieja, Alicante, voler avec un parachute. La Zenia, Campoamor ou Cabo Roig. Enterrement de vie de gar\u00e7on ou de jeune fille. Bateau de parachute ascensionnel, pour la famille ou les amis, faites un cadeau original.\" \/>\n<meta property=\"og:url\" content=\"https:\/\/parasailingtorrevieja.com\/fr\/plans-speciaux-pour-les-groupes\/\" \/>\n<meta property=\"og:site_name\" content=\"Parasailing - Experiencia en Parasailing Torrevieja\" \/>\n<meta property=\"article:modified_time\" content=\"2026-04-15T11:08:25+00:00\" \/>\n<meta property=\"og:image\" content=\"https:\/\/parasailingtorrevieja.com\/wp-content\/uploads\/team-building-3.jpg\" \/>\n\t<meta property=\"og:image:width\" content=\"644\" \/>\n\t<meta property=\"og:image:height\" content=\"629\" \/>\n\t<meta property=\"og:image:type\" content=\"image\/jpeg\" \/>\n<meta name=\"twitter:card\" content=\"summary_large_image\" \/>\n<meta name=\"twitter:label1\" content=\"Dur\u00e9e de lecture estim\u00e9e\" \/>\n\t<meta name=\"twitter:data1\" content=\"2 minutes\" \/>\n<script type=\"application\/ld+json\" class=\"yoast-schema-graph\">{\"@context\":\"https:\/\/schema.org\",\"@graph\":[{\"@type\":\"WebPage\",\"@id\":\"https:\/\/parasailingtorrevieja.com\/fr\/plans-speciaux-pour-les-groupes\/\",\"url\":\"https:\/\/parasailingtorrevieja.com\/fr\/plans-speciaux-pour-les-groupes\/\",\"name\":\"Parasailing Torrevieja Alicante La Zenia Cabo Roig Campoamor La Mata\",\"isPartOf\":{\"@id\":\"https:\/\/parasailingtorrevieja.com\/fr\/#website\"},\"primaryImageOfPage\":{\"@id\":\"https:\/\/parasailingtorrevieja.com\/fr\/plans-speciaux-pour-les-groupes\/#primaryimage\"},\"image\":{\"@id\":\"https:\/\/parasailingtorrevieja.com\/fr\/plans-speciaux-pour-les-groupes\/#primaryimage\"},\"thumbnailUrl\":\"https:\/\/parasailingtorrevieja.com\/wp-content\/uploads\/team-building-3.jpg\",\"datePublished\":\"2026-03-02T10:39:54+00:00\",\"dateModified\":\"2026-04-15T11:08:25+00:00\",\"description\":\"Parachute ascensionnel \u00e0 Torrevieja, Alicante, voler avec un parachute. La Zenia, Campoamor ou Cabo Roig. Enterrement de vie de gar\u00e7on ou de jeune fille. Bateau de parachute ascensionnel, pour la famille ou les amis, faites un cadeau original.\",\"breadcrumb\":{\"@id\":\"https:\/\/parasailingtorrevieja.com\/fr\/plans-speciaux-pour-les-groupes\/#breadcrumb\"},\"inLanguage\":\"fr-FR\",\"potentialAction\":[{\"@type\":\"ReadAction\",\"target\":[\"https:\/\/parasailingtorrevieja.com\/fr\/plans-speciaux-pour-les-groupes\/\"]}]},{\"@type\":\"ImageObject\",\"inLanguage\":\"fr-FR\",\"@id\":\"https:\/\/parasailingtorrevieja.com\/fr\/plans-speciaux-pour-les-groupes\/#primaryimage\",\"url\":\"https:\/\/parasailingtorrevieja.com\/wp-content\/uploads\/team-building-3.jpg\",\"contentUrl\":\"https:\/\/parasailingtorrevieja.com\/wp-content\/uploads\/team-building-3.jpg\"},{\"@type\":\"BreadcrumbList\",\"@id\":\"https:\/\/parasailingtorrevieja.com\/fr\/plans-speciaux-pour-les-groupes\/#breadcrumb\",\"itemListElement\":[{\"@type\":\"ListItem\",\"position\":1,\"name\":\"Portada\",\"item\":\"https:\/\/parasailingtorrevieja.com\/fr\/jet-skis-a-alicante\/\"},{\"@type\":\"ListItem\",\"position\":2,\"name\":\"Plans sp\u00e9ciaux pour les groupes\"}]},{\"@type\":\"WebSite\",\"@id\":\"https:\/\/parasailingtorrevieja.com\/fr\/#website\",\"url\":\"https:\/\/parasailingtorrevieja.com\/fr\/\",\"name\":\"Parasailing - Experiencia en Parasailing Torrevieja\",\"description\":\"Experiencia en Parasailing Torrevieja\",\"potentialAction\":[{\"@type\":\"SearchAction\",\"target\":{\"@type\":\"EntryPoint\",\"urlTemplate\":\"https:\/\/parasailingtorrevieja.com\/fr\/?s={search_term_string}\"},\"query-input\":{\"@type\":\"PropertyValueSpecification\",\"valueRequired\":true,\"valueName\":\"search_term_string\"}}],\"inLanguage\":\"fr-FR\"}]}<\/script>\n<!-- \/ Yoast SEO plugin. -->","yoast_head_json":{"title":"Parasailing Torrevieja Alicante La Zenia Cabo Roig Campoamor La Mata","description":"Parachute ascensionnel \u00e0 Torrevieja, Alicante, voler avec un parachute. La Zenia, Campoamor ou Cabo Roig. Enterrement de vie de gar\u00e7on ou de jeune fille. Bateau de parachute ascensionnel, pour la famille ou les amis, faites un cadeau original.","robots":{"index":"index","follow":"follow","max-snippet":"max-snippet:-1","max-image-preview":"max-image-preview:large","max-video-preview":"max-video-preview:-1"},"canonical":"https:\/\/parasailingtorrevieja.com\/fr\/plans-speciaux-pour-les-groupes\/","og_locale":"fr_FR","og_type":"article","og_title":"Parasailing Torrevieja Alicante La Zenia Cabo Roig Campoamor La Mata","og_description":"Parachute ascensionnel \u00e0 Torrevieja, Alicante, voler avec un parachute. La Zenia, Campoamor ou Cabo Roig. Enterrement de vie de gar\u00e7on ou de jeune fille. Bateau de parachute ascensionnel, pour la famille ou les amis, faites un cadeau original.","og_url":"https:\/\/parasailingtorrevieja.com\/fr\/plans-speciaux-pour-les-groupes\/","og_site_name":"Parasailing - Experiencia en Parasailing Torrevieja","article_modified_time":"2026-04-15T11:08:25+00:00","og_image":[{"width":644,"height":629,"url":"https:\/\/parasailingtorrevieja.com\/wp-content\/uploads\/team-building-3.jpg","type":"image\/jpeg"}],"twitter_card":"summary_large_image","twitter_misc":{"Dur\u00e9e de lecture estim\u00e9e":"2 minutes"},"schema":{"@context":"https:\/\/schema.org","@graph":[{"@type":"WebPage","@id":"https:\/\/parasailingtorrevieja.com\/fr\/plans-speciaux-pour-les-groupes\/","url":"https:\/\/parasailingtorrevieja.com\/fr\/plans-speciaux-pour-les-groupes\/","name":"Parasailing Torrevieja Alicante La Zenia Cabo Roig Campoamor La Mata","isPartOf":{"@id":"https:\/\/parasailingtorrevieja.com\/fr\/#website"},"primaryImageOfPage":{"@id":"https:\/\/parasailingtorrevieja.com\/fr\/plans-speciaux-pour-les-groupes\/#primaryimage"},"image":{"@id":"https:\/\/parasailingtorrevieja.com\/fr\/plans-speciaux-pour-les-groupes\/#primaryimage"},"thumbnailUrl":"https:\/\/parasailingtorrevieja.com\/wp-content\/uploads\/team-building-3.jpg","datePublished":"2026-03-02T10:39:54+00:00","dateModified":"2026-04-15T11:08:25+00:00","description":"Parachute ascensionnel \u00e0 Torrevieja, Alicante, voler avec un parachute. La Zenia, Campoamor ou Cabo Roig. Enterrement de vie de gar\u00e7on ou de jeune fille. Bateau de parachute ascensionnel, pour la famille ou les amis, faites un cadeau original.","breadcrumb":{"@id":"https:\/\/parasailingtorrevieja.com\/fr\/plans-speciaux-pour-les-groupes\/#breadcrumb"},"inLanguage":"fr-FR","potentialAction":[{"@type":"ReadAction","target":["https:\/\/parasailingtorrevieja.com\/fr\/plans-speciaux-pour-les-groupes\/"]}]},{"@type":"ImageObject","inLanguage":"fr-FR","@id":"https:\/\/parasailingtorrevieja.com\/fr\/plans-speciaux-pour-les-groupes\/#primaryimage","url":"https:\/\/parasailingtorrevieja.com\/wp-content\/uploads\/team-building-3.jpg","contentUrl":"https:\/\/parasailingtorrevieja.com\/wp-content\/uploads\/team-building-3.jpg"},{"@type":"BreadcrumbList","@id":"https:\/\/parasailingtorrevieja.com\/fr\/plans-speciaux-pour-les-groupes\/#breadcrumb","itemListElement":[{"@type":"ListItem","position":1,"name":"Portada","item":"https:\/\/parasailingtorrevieja.com\/fr\/jet-skis-a-alicante\/"},{"@type":"ListItem","position":2,"name":"Plans sp\u00e9ciaux pour les groupes"}]},{"@type":"WebSite","@id":"https:\/\/parasailingtorrevieja.com\/fr\/#website","url":"https:\/\/parasailingtorrevieja.com\/fr\/","name":"Parasailing - Experiencia en Parasailing Torrevieja","description":"Experiencia en Parasailing Torrevieja","potentialAction":[{"@type":"SearchAction","target":{"@type":"EntryPoint","urlTemplate":"https:\/\/parasailingtorrevieja.com\/fr\/?s={search_term_string}"},"query-input":{"@type":"PropertyValueSpecification","valueRequired":true,"valueName":"search_term_string"}}],"inLanguage":"fr-FR"}]}},"_links":{"self":[{"href":"https:\/\/parasailingtorrevieja.com\/fr\/wp-json\/wp\/v2\/pages\/7502","targetHints":{"allow":["GET"]}}],"collection":[{"href":"https:\/\/parasailingtorrevieja.com\/fr\/wp-json\/wp\/v2\/pages"}],"about":[{"href":"https:\/\/parasailingtorrevieja.com\/fr\/wp-json\/wp\/v2\/types\/page"}],"author":[{"embeddable":true,"href":"https:\/\/parasailingtorrevieja.com\/fr\/wp-json\/wp\/v2\/users\/7"}],"replies":[{"embeddable":true,"href":"https:\/\/parasailingtorrevieja.com\/fr\/wp-json\/wp\/v2\/comments?post=7502"}],"version-history":[{"count":4,"href":"https:\/\/parasailingtorrevieja.com\/fr\/wp-json\/wp\/v2\/pages\/7502\/revisions"}],"predecessor-version":[{"id":8218,"href":"https:\/\/parasailingtorrevieja.com\/fr\/wp-json\/wp\/v2\/pages\/7502\/revisions\/8218"}],"wp:attachment":[{"href":"https:\/\/parasailingtorrevieja.com\/fr\/wp-json\/wp\/v2\/media?parent=7502"}],"curies":[{"name":"wp","href":"https:\/\/api.w.org\/{rel}","templated":true}]}}